{"id":16,"date":"2016-09-16T06:51:40","date_gmt":"2016-09-16T04:51:40","guid":{"rendered":"http:\/\/sw-themes.com\/porto_dummy\/?page_id=16"},"modified":"2021-11-02T15:42:06","modified_gmt":"2021-11-02T14:42:06","slug":"book-now","status":"publish","type":"page","link":"https:\/\/lespiedsdansthau.fr\/index.php\/book-now\/","title":{"rendered":"Contact"},"content":{"rendered":"<div class=\"wpb-content-wrapper\"><p>[vc_row][vc_column section_text_color=&#8221;light&#8221;]<div class=\"porto-section\"><section class=\" section section-quaternary section-text-light m-t-none m-b-none section-no-borders  p-5\">\n<div class=\"wpcf7 no-js\" id=\"wpcf7-f66-o1\" lang=\"en-US\" dir=\"ltr\">\n<div class=\"screen-reader-response\"><p role=\"status\" aria-live=\"polite\" aria-atomic=\"true\"><\/p> <ul><\/ul><\/div>\n<form action=\"\/index.php\/wp-json\/wp\/v2\/pages\/16#wpcf7-f66-o1\" method=\"post\" class=\"wpcf7-form init\" aria-label=\"Contact form\" novalidate=\"novalidate\" data-status=\"init\">\n<div style=\"display: none;\">\n<input type=\"hidden\" name=\"_wpcf7\" value=\"66\" \/>\n<input type=\"hidden\" name=\"_wpcf7_version\" value=\"5.8.6\" \/>\n<input type=\"hidden\" name=\"_wpcf7_locale\" value=\"en_US\" \/>\n<input type=\"hidden\" name=\"_wpcf7_unit_tag\" value=\"wpcf7-f66-o1\" \/>\n<input type=\"hidden\" name=\"_wpcf7_container_post\" value=\"0\" \/>\n<input type=\"hidden\" name=\"_wpcf7_posted_data_hash\" value=\"\" \/>\n<input type=\"hidden\" name=\"_wpcf7cf_hidden_group_fields\" value=\"[]\" \/>\n<input type=\"hidden\" name=\"_wpcf7cf_hidden_groups\" value=\"[]\" \/>\n<input type=\"hidden\" name=\"_wpcf7cf_visible_groups\" value=\"[]\" \/>\n<input type=\"hidden\" name=\"_wpcf7cf_repeaters\" value=\"[]\" \/>\n<input type=\"hidden\" name=\"_wpcf7cf_steps\" value=\"{}\" \/>\n<input type=\"hidden\" name=\"_wpcf7cf_options\" value=\"{&quot;form_id&quot;:66,&quot;conditions&quot;:[{&quot;then_field&quot;:&quot;personnesVilla&quot;,&quot;and_rules&quot;:[{&quot;if_field&quot;:&quot;hebergement&quot;,&quot;operator&quot;:&quot;equals&quot;,&quot;if_value&quot;:&quot;La villa Les Pieds Dans Thau (10 personnes max)&quot;}]},{&quot;then_field&quot;:&quot;personnesPort&quot;,&quot;and_rules&quot;:[{&quot;if_field&quot;:&quot;hebergement&quot;,&quot;operator&quot;:&quot;equals&quot;,&quot;if_value&quot;:&quot;L&#039;appartement le Taquet (4 personnes max)&quot;}]},{&quot;then_field&quot;:&quot;personnesChambre&quot;,&quot;and_rules&quot;:[{&quot;if_field&quot;:&quot;hebergement&quot;,&quot;operator&quot;:&quot;equals&quot;,&quot;if_value&quot;:&quot;La chambre des Onglous (2 personnes max)&quot;}]}],&quot;settings&quot;:{&quot;animation&quot;:&quot;no&quot;,&quot;animation_intime&quot;:&quot;200&quot;,&quot;animation_outtime&quot;:&quot;200&quot;,&quot;conditions_ui&quot;:&quot;normal&quot;,&quot;notice_dismissed&quot;:&quot;&quot;,&quot;notice_dismissed_update-cf7-5.4&quot;:true}}\" \/>\n<\/div>\n<div class=\"col-lg-6\">\n\t<div class=\"form-group\">\n\t\t<p><label for=\"contact-kids\">Pour quel h\u00e9bergement souhaitez-vous r\u00e9server? *<\/label><br \/>\n<span class=\"wpcf7-form-control-wrap\" data-name=\"hebergement\"><select class=\"wpcf7-form-control wpcf7-select wpcf7-validates-as-required form-control\" id=\"contact-hebergement\" aria-required=\"true\" aria-invalid=\"false\" name=\"hebergement\"><option value=\"\">&#8212;Please choose an option&#8212;<\/option><option value=\"La chambre des Onglous (2 personnes max)\">La chambre des Onglous (2 personnes max)<\/option><option value=\"L&#039;appartement Hippocampe (5 personnes max)\">L&#039;appartement Hippocampe (5 personnes max)<\/option><option value=\"L&#039;appartement le Taquet (4 personnes max)\">L&#039;appartement le Taquet (4 personnes max)<\/option><option value=\"La maison de Georges (6 personnes max)\">La maison de Georges (6 personnes max)<\/option><option value=\"La villa Les Pieds Dans Thau (10 personnes max)\">La villa Les Pieds Dans Thau (10 personnes max)<\/option><\/select><\/span>\n\t\t<\/p>\n\t<\/div>\n<\/div>\n<div data-id=\"personnesVilla\" data-orig_data_id=\"personnesVilla\"  data-class=\"wpcf7cf_group\">\n\t<div class=\"col-lg-6\">\n\t\t<div class=\"form-group\">\n\t\t\t<p><label for=\"contact-adults\">Adulte(s)<\/label><br \/>\n<span class=\"wpcf7-form-control-wrap\" data-name=\"adults\"><select class=\"wpcf7-form-control wpcf7-select form-control\" id=\"contact-adults\" aria-invalid=\"false\" name=\"adults\"><option value=\"\">&#8212;Please choose an option&#8212;<\/option><option value=\"1\">1<\/option><option value=\"2\">2<\/option><option value=\"3\">3<\/option><option value=\"4\">4<\/option><option value=\"5\">5<\/option><option value=\"6\">6<\/option><option value=\"7\">7<\/option><option value=\"8\">8<\/option><option value=\"9\">9<\/option><option value=\"10\">10<\/option><\/select><\/span>\n\t\t\t<\/p>\n\t\t<\/div>\n\t<\/div>\n\t<div class=\"col-lg-6\">\n\t\t<div class=\"form-group\">\n\t\t\t<p><label for=\"contact-kids\">Enfant(s)<\/label><br \/>\n<span class=\"wpcf7-form-control-wrap\" data-name=\"kids\"><select class=\"wpcf7-form-control wpcf7-select form-control\" id=\"contact-kids\" aria-invalid=\"false\" name=\"kids\"><option value=\"\">&#8212;Please choose an option&#8212;<\/option><option value=\"0\">0<\/option><option value=\"1\">1<\/option><option value=\"2\">2<\/option><option value=\"3\">3<\/option><option value=\"4\">4<\/option><option value=\"5\">5<\/option><option value=\"6\">6<\/option><option value=\"7\">7<\/option><option value=\"8\">8<\/option><option value=\"9\">9<\/option><option value=\"10\">10<\/option><\/select><\/span>\n\t\t\t<\/p>\n\t\t<\/div>\n\t<\/div>\n<\/div>\n<div data-id=\"personnesPort\" data-orig_data_id=\"personnesPort\"  data-class=\"wpcf7cf_group\">\n\t<div class=\"col-lg-6\">\n\t\t<div class=\"form-group\">\n\t\t\t<p><label for=\"contact-adults\">Adulte(s)<\/label><br \/>\n<span class=\"wpcf7-form-control-wrap\" data-name=\"adults\"><select class=\"wpcf7-form-control wpcf7-select form-control\" aria-invalid=\"false\" name=\"adults\"><option value=\"\">&#8212;Please choose an option&#8212;<\/option><option value=\"1\">1<\/option><option value=\"2\">2<\/option><option value=\"3\">3<\/option><option value=\"4\">4<\/option><\/select><\/span>\n\t\t\t<\/p>\n\t\t<\/div>\n\t<\/div>\n\t<div class=\"col-lg-6\">\n\t\t<div class=\"form-group\">\n\t\t\t<p><label for=\"contact-kids\">Enfant(s)<\/label><br \/>\n<span class=\"wpcf7-form-control-wrap\" data-name=\"kids\"><select class=\"wpcf7-form-control wpcf7-select form-control\" aria-invalid=\"false\" name=\"kids\"><option value=\"\">&#8212;Please choose an option&#8212;<\/option><option value=\"0\">0<\/option><option value=\"1\">1<\/option><option value=\"2\">2<\/option><option value=\"3\">3<\/option><option value=\"4\">4<\/option><\/select><\/span>\n\t\t\t<\/p>\n\t\t<\/div>\n\t<\/div>\n<\/div>\n<div data-id=\"personnesChambre\" data-orig_data_id=\"personnesChambre\"  data-class=\"wpcf7cf_group\">\n\t<div class=\"col-lg-6\">\n\t\t<div class=\"form-group\">\n\t\t\t<p><label for=\"contact-adults\">Adulte(s)<\/label><br \/>\n<span class=\"wpcf7-form-control-wrap\" data-name=\"adults\"><select class=\"wpcf7-form-control wpcf7-select form-control\" aria-invalid=\"false\" name=\"adults\"><option value=\"\">&#8212;Please choose an option&#8212;<\/option><option value=\"1\">1<\/option><option value=\"2\">2<\/option><\/select><\/span>\n\t\t\t<\/p>\n\t\t<\/div>\n\t<\/div>\n<\/div>\n<h4 class=\"m-t-md m-b-md pb-0 text-uppercase\">Reservation Details\n<\/h4>\n<div class=\"row m-b-xl\">\n\t<div class=\"col-lg-6\">\n\t\t<div class=\"form-group\">\n\t\t\t<p><label for=\"contact-arrival\">Arriv\u00e9e *<\/label><br \/>\n<span class=\"wpcf7-form-control-wrap\" data-name=\"arrival\"><input class=\"wpcf7-form-control wpcf7-date wpcf7-validates-as-required wpcf7-validates-as-date text-uppercase form-control\" id=\"contact-arrival\" aria-required=\"true\" aria-invalid=\"false\" value=\"\" type=\"date\" name=\"arrival\" \/><\/span>\n\t\t\t<\/p>\n\t\t<\/div>\n\t<\/div>\n\t<div class=\"col-lg-6\">\n\t\t<div class=\"form-group\">\n\t\t\t<p><label for=\"contact-departure\">D\u00e9part *<\/label><br \/>\n<span class=\"wpcf7-form-control-wrap\" data-name=\"departure\"><input class=\"wpcf7-form-control wpcf7-date wpcf7-validates-as-required wpcf7-validates-as-date text-uppercase form-control\" id=\"contact-departure\" aria-required=\"true\" aria-invalid=\"false\" value=\"\" type=\"date\" name=\"departure\" \/><\/span>\n\t\t\t<\/p>\n\t\t<\/div>\n\t<\/div>\n<\/div>\n<h4 class=\"m-t-md m-b-md pb-0 text-uppercase\">Informations client\n<\/h4>\n<div class=\"row\">\n\t<div class=\"col-lg-6\">\n\t\t<div class=\"form-group\">\n\t\t\t<p><label for=\"contact-firstname\">Nom\/Pr\u00e9nom *<\/label><br \/>\n<span class=\"wpcf7-form-control-wrap\" data-name=\"firstname\"><input size=\"40\" class=\"wpcf7-form-control wpcf7-text wpcf7-validates-as-required form-control\" id=\"contact-firstname\" aria-required=\"true\" aria-invalid=\"false\" value=\"\" type=\"text\" name=\"firstname\" \/><\/span>\n\t\t\t<\/p>\n\t\t<\/div>\n\t<\/div>\n\t<div class=\"col-lg-6\">\n\t\t<div class=\"form-group\">\n\t\t\t<p><label for=\"contact-email\">Adresse mail*<\/label><br \/>\n<span class=\"wpcf7-form-control-wrap\" data-name=\"email\"><input size=\"40\" class=\"wpcf7-form-control wpcf7-email wpcf7-validates-as-required wpcf7-text wpcf7-validates-as-email form-control\" id=\"contact-email\" aria-required=\"true\" aria-invalid=\"false\" value=\"\" type=\"email\" name=\"email\" \/><\/span>\n\t\t\t<\/p>\n\t\t<\/div>\n\t<\/div>\n\t<div class=\"col-lg-6\">\n\t\t<div class=\"form-group\">\n\t\t\t<p><label for=\"tel\">T\u00e9l\u00e9phone*<\/label><br \/>\n<span class=\"wpcf7-form-control-wrap\" data-name=\"tel-770\"><input size=\"40\" class=\"wpcf7-form-control wpcf7-tel wpcf7-validates-as-required wpcf7-text wpcf7-validates-as-tel\" aria-required=\"true\" aria-invalid=\"false\" value=\"\" type=\"tel\" name=\"tel-770\" \/><\/span>\n\t\t\t<\/p>\n\t\t<\/div>\n\t<\/div>\n\t<div class=\"col-lg-12\">\n\t\t<div class=\"form-group\">\n\t\t\t<p><label for=\"contact-subject\">Objet *<\/label><br \/>\n<span class=\"wpcf7-form-control-wrap\" data-name=\"subject\"><input size=\"40\" class=\"wpcf7-form-control wpcf7-text wpcf7-validates-as-required form-control\" id=\"contact-subject\" aria-required=\"true\" aria-invalid=\"false\" value=\"\" type=\"text\" name=\"subject\" \/><\/span>\n\t\t\t<\/p>\n\t\t<\/div>\n\t<\/div>\n\t<div class=\"col-lg-12\">\n\t\t<div class=\"form-group\">\n\t\t\t<p><label for=\"contact-message\">Informations compl\u00e9mentaires *<\/label><br \/>\n<span class=\"wpcf7-form-control-wrap\" data-name=\"message\"><textarea cols=\"40\" rows=\"10\" class=\"wpcf7-form-control wpcf7-textarea wpcf7-validates-as-required form-control\" id=\"contact-message\" aria-required=\"true\" aria-invalid=\"false\" name=\"message\"><\/textarea><\/span>\n\t\t\t<\/p>\n\t\t<\/div>\n\t<\/div>\n\t<p><span class=\"wpcf7-form-control-wrap\" data-name=\"checkbox-575\"><span class=\"wpcf7-form-control wpcf7-checkbox wpcf7-validates-as-required\"><span class=\"wpcf7-list-item first last\"><input type=\"checkbox\" name=\"checkbox-575[]\" value=\"Je suis d&#039;accord pour que le destinataire de ses informations puisse les utiliser pour me contacter.\" \/><span class=\"wpcf7-list-item-label\">Je suis d&#039;accord pour que le destinataire de ses informations puisse les utiliser pour me contacter.<\/span><\/span><\/span><\/span><br \/>\n<span class=\"wpcf7-form-control-wrap\" data-name=\"checkbox-575\"><span class=\"wpcf7-form-control wpcf7-checkbox wpcf7-validates-as-required\"><span class=\"wpcf7-list-item first last\"><input type=\"checkbox\" name=\"checkbox-575[]\" value=\"Je ne suis pas d&#039;accord pour que le destinataire de ses informations les utilise pour me contacter.\" \/><span class=\"wpcf7-list-item-label\">Je ne suis pas d&#039;accord pour que le destinataire de ses informations les utilise pour me contacter.<\/span><\/span><\/span><\/span>\n\t<\/p>\n\t<div class=\"col-lg-12\">\n\t\t<div class=\"form-group\">\n\t\t\t<p><input class=\"wpcf7-form-control wpcf7-submit has-spinner btn btn-primary btn-lg btn-block text-uppercase p-md\" type=\"submit\" value=\"Book Now\" \/>\n\t\t\t<\/p>\n\t\t<\/div>\n\t<\/div>\n<\/div><div class=\"wpcf7-response-output\" aria-hidden=\"true\"><\/div>\n<\/form>\n<\/div>\n<\/section><\/div>[vc_column_text el_class=&#8221;m-t-lg m-b-none&#8221;]* Mentions obligatoires pour proc\u00e9der \u00e0 la r\u00e9servation.[\/vc_column_text][\/vc_column][\/vc_row]<\/p>\n<\/div>","protected":false},"excerpt":{"rendered":"<p>[vc_row][vc_column section_text_color=&#8221;light&#8221;][vc_column_text el_class=&#8221;m-t-lg m-b-none&#8221;]* Mentions obligatoires pour proc\u00e9der \u00e0 la r\u00e9servation.[\/vc_column_text][\/vc_column][\/vc_row]<\/p>\n","protected":false},"author":1,"featured_media":0,"parent":0,"menu_order":0,"comment_status":"closed","ping_status":"closed","template":"","meta":{"footnotes":""},"aioseo_notices":[],"_links":{"self":[{"href":"https:\/\/lespiedsdansthau.fr\/index.php\/wp-json\/wp\/v2\/pages\/16"}],"collection":[{"href":"https:\/\/lespiedsdansthau.fr\/index.php\/wp-json\/wp\/v2\/pages"}],"about":[{"href":"https:\/\/lespiedsdansthau.fr\/index.php\/wp-json\/wp\/v2\/types\/page"}],"author":[{"embeddable":true,"href":"https:\/\/lespiedsdansthau.fr\/index.php\/wp-json\/wp\/v2\/users\/1"}],"replies":[{"embeddable":true,"href":"https:\/\/lespiedsdansthau.fr\/index.php\/wp-json\/wp\/v2\/comments?post=16"}],"version-history":[{"count":5,"href":"https:\/\/lespiedsdansthau.fr\/index.php\/wp-json\/wp\/v2\/pages\/16\/revisions"}],"predecessor-version":[{"id":777,"href":"https:\/\/lespiedsdansthau.fr\/index.php\/wp-json\/wp\/v2\/pages\/16\/revisions\/777"}],"wp:attachment":[{"href":"https:\/\/lespiedsdansthau.fr\/index.php\/wp-json\/wp\/v2\/media?parent=16"}],"curies":[{"name":"wp","href":"https:\/\/api.w.org\/{rel}","templated":true}]}}