{"id":229,"date":"2020-03-03T19:07:19","date_gmt":"2020-03-03T18:07:19","guid":{"rendered":"http:\/\/lespiedsdansthau.fr\/?page_id=229"},"modified":"2025-06-24T15:15:27","modified_gmt":"2025-06-24T13:15:27","slug":"la-chambre-des-onglous","status":"publish","type":"page","link":"https:\/\/lespiedsdansthau.fr\/index.php\/nos-hebergements\/la-chambre-des-onglous\/","title":{"rendered":"La Chambre Des Onglous"},"content":{"rendered":"<div class=\"wpb-content-wrapper\"><p>[vc_row][vc_column width=&#8221;1\/6&#8243;][\/vc_column][vc_column width=&#8221;2\/3&#8243;][vc_custom_heading text=&#8221;La Chambre Des Onglous&#8221; font_container=&#8221;tag:h3|text_align:left&#8221; use_theme_fonts=&#8221;yes&#8221; text_transform=&#8221;text-uppercase&#8221; el_class=&#8221;m-t-lg m-b-none&#8221;][vc_separator color=&#8221;custom&#8221; align=&#8221;align_left&#8221; border_width=&#8221;3&#8243; type=&#8221;small&#8221; gap=&#8221;short&#8221; accent_color=&#8221;#bc9552&#8243;][vc_video link=&#8221;https:\/\/youtu.be\/0OYiFoYK7Ns&#8221;][vc_btn title=&#8221;R\u00e9server d\u00e8s maintenant&#8221; shape=&#8221;rounded&#8221; color=&#8221;juicy-pink&#8221; size=&#8221;xl&#8221; align=&#8221;center&#8221; link=&#8221;url:https%3A%2F%2Fles-pieds-dans-thau.amenitiz.io%2Ffr%2Fbooking%2Froom%3Finfo%255Barrival_date%255D%3D%26info%255Bdeparture_date%255D%3D%26info%255Btotal_adult%255D%3D1%26info%255Btotal_children%255D%3D0%26info%255Broom_id%255D%3D%26button%3D||target:%20_blank|&#8221;][vc_column_text]Situ\u00e9 \u00e0 Marseillan, en bordure de l&#8217;Etang de Thau, l&#8217;\u00e9tablissement<\/p>\n<p>La chambre des Onglous vous propose passer un moment de d\u00e9tente de bien \u00eatre.<\/p>\n<p>Pour se faire vous pourrez profiter d&#8217;un Jacuzzi priv\u00e9 ( qui vous est enti\u00e8rement et exclusivement r\u00e9serv\u00e9) , d&#8217;une terrasse et un emplacement de parking au sein de la propri\u00e9t\u00e9.<\/p>\n<p>Le logement dispose d&#8217;une connexion Wi-Fi gratuite , de la climatisation,\u00a0 un coin salon de terrasse, une t\u00e9l\u00e9vision par satellite \u00e0 \u00e9cran plat, une kitchenette, un coin repas ainsi qu\u2019une salle de douche avec un s\u00e8che-cheveux .<\/p>\n<p>Tous les matins, vous possibilit\u00e9 de d\u00e9guster un petit-d\u00e9jeuner continental servi en chambre sur r\u00e9servation<\/p>\n<p>Petit d\u00e9jeuner : 12.5 \u20ac\/personne<\/p>\n<p>Vous s\u00e9journerez \u00e0 1.5 km du Port de Marseillan que vous pouvez rejoindre \u00e0 pieds en longeant l&#8217;Etang. L\u2019a\u00e9roport de B\u00e9ziers-Cap d\u2019Agde, le plus proche, est \u00e0 22 km de la maison d\u2019h\u00f4tes.[\/vc_column_text][vc_row_inner][vc_column_inner width=&#8221;1\/2&#8243;][vc_column_text el_class=&#8221;m-b-none&#8221;]<\/p>\n<ul>\n<li><label>LIT<\/label><\/li>\n<li>NOMBRE DE PERSONNES<\/li>\n<li>\u00c0 PARTIR DE<\/li>\n<\/ul>\n<p>[\/vc_column_text][\/vc_column_inner][vc_column_inner width=&#8221;1\/2&#8243;][vc_column_text el_class=&#8221;m-b-none&#8221;]<\/p>\n<ul>\n<li><b>1 Lit double- 1m60<\/b><\/li>\n<li><b>2 Personnes<\/b><\/li>\n<li><strong>A partir de 125\u20ac<\/strong><\/li>\n<li><strong>Petit d\u00e9jeuner : 12.5\u20ac\/pers<\/strong><\/li>\n<\/ul>\n<p>&nbsp;<\/p>\n<ul>\n<li><span style=\"color: #ff0000;\">-10 % \u00e0 partir de 3 nuits<\/span><\/li>\n<li>(10\/9 -31\/12)<\/li>\n<\/ul>\n<p><b>\u00a0<\/b>[\/vc_column_text][\/vc_column_inner][\/vc_row_inner][vc_empty_space height=&#8221;15px&#8221;][vc_btn title=&#8221;R\u00e9server d\u00e8s maintenant&#8221; shape=&#8221;rounded&#8221; color=&#8221;juicy-pink&#8221; size=&#8221;xl&#8221; align=&#8221;center&#8221; link=&#8221;url:https%3A%2F%2Fles-pieds-dans-thau.amenitiz.io%2Ffr%2Fbooking%2Froom%3Finfo%255Barrival_date%255D%3D%26info%255Bdeparture_date%255D%3D%26info%255Btotal_adult%255D%3D1%26info%255Btotal_children%255D%3D0%26info%255Broom_id%255D%3D%26button%3D||target:%20_blank|&#8221;][vc_single_image image=&#8221;837&#8243;][vc_single_image image=&#8221;835&#8243;][vc_single_image image=&#8221;827&#8243;][vc_single_image image=&#8221;821&#8243;][vc_single_image image=&#8221;836&#8243;][vc_single_image image=&#8221;849&#8243;][\/vc_column][vc_column width=&#8221;1\/6&#8243;][vc_btn title=&#8221;R\u00e9servation en ligne&#8221; style=&#8221;3d&#8221; shape=&#8221;round&#8221; color=&#8221;juicy-pink&#8221; size=&#8221;xl&#8221; animation_duration=&#8221;20000&#8243; animation_delay=&#8221;500&#8243; animation_type=&#8221;swing&#8221; link=&#8221;url:https%3A%2F%2Fles-pieds-dans-thau.amenitiz.io%2Ffr%2Fbooking%2Froom%3Finfo%255Barrival_date%255D%3D%26info%255Bdeparture_date%255D%3D%26info%255Btotal_adult%255D%3D1%26info%255Btotal_children%255D%3D0%26info%255Broom_id%255D%3D%26button%3D||target:%20_blank|&#8221;][vc_empty_space height=&#8221;15px&#8221;][vc_single_image image=&#8221;606&#8243;][vc_empty_space height=&#8221;15px&#8221;][vc_images_carousel images=&#8221;821,614,822,637,826,615,672,218,825,671,638,373,830,639,374,375,376,324,606,828,827&#8243; img_size=&#8221;500&#215;500&#8243; onclick=&#8221;link_no&#8221; speed=&#8221;3000&#8243; autoplay=&#8221;yes&#8221; hide_prev_next_buttons=&#8221;yes&#8221; wrap=&#8221;yes&#8221;][\/vc_column][\/vc_row][vc_row][vc_column][\/vc_column][\/vc_row][vc_row][vc_column][\/vc_column][\/vc_row]<\/p>\n<\/div>","protected":false},"excerpt":{"rendered":"<p>[vc_row][vc_column width=&#8221;1\/6&#8243;][\/vc_column][vc_column width=&#8221;2\/3&#8243;][vc_custom_heading text=&#8221;La Chambre Des Onglous&#8221; font_container=&#8221;tag:h3|text_align:left&#8221; use_theme_fonts=&#8221;yes&#8221; text_transform=&#8221;text-uppercase&#8221; el_class=&#8221;m-t-lg m-b-none&#8221;][vc_separator color=&#8221;custom&#8221; align=&#8221;align_left&#8221; border_width=&#8221;3&#8243; type=&#8221;small&#8221; gap=&#8221;short&#8221; accent_color=&#8221;#bc9552&#8243;][vc_video link=&#8221;https:\/\/youtu.be\/0OYiFoYK7Ns&#8221;][vc_btn title=&#8221;R\u00e9server d\u00e8s maintenant&#8221; shape=&#8221;rounded&#8221; color=&#8221;juicy-pink&#8221; size=&#8221;xl&#8221; align=&#8221;center&#8221; link=&#8221;url:https%3A%2F%2Fles-pieds-dans-thau.amenitiz.io%2Ffr%2Fbooking%2Froom%3Finfo%255Barrival_date%255D%3D%26info%255Bdeparture_date%255D%3D%26info%255Btotal_adult%255D%3D1%26info%255Btotal_children%255D%3D0%26info%255Broom_id%255D%3D%26button%3D||target:%20_blank|&#8221;][vc_column_text]Situ\u00e9 \u00e0 Marseillan, en bordure de l&#8217;Etang de Thau, l&#8217;\u00e9tablissement La chambre des Onglous vous propose passer un moment de d\u00e9tente de bien \u00eatre. Pour se faire vous pourrez [&hellip;]<\/p>\n","protected":false},"author":1,"featured_media":0,"parent":13,"menu_order":0,"comment_status":"closed","ping_status":"closed","template":"","meta":{"footnotes":""},"aioseo_notices":[],"_links":{"self":[{"href":"https:\/\/lespiedsdansthau.fr\/index.php\/wp-json\/wp\/v2\/pages\/229"}],"collection":[{"href":"https:\/\/lespiedsdansthau.fr\/index.php\/wp-json\/wp\/v2\/pages"}],"about":[{"href":"https:\/\/lespiedsdansthau.fr\/index.php\/wp-json\/wp\/v2\/types\/page"}],"author":[{"embeddable":true,"href":"https:\/\/lespiedsdansthau.fr\/index.php\/wp-json\/wp\/v2\/users\/1"}],"replies":[{"embeddable":true,"href":"https:\/\/lespiedsdansthau.fr\/index.php\/wp-json\/wp\/v2\/comments?post=229"}],"version-history":[{"count":58,"href":"https:\/\/lespiedsdansthau.fr\/index.php\/wp-json\/wp\/v2\/pages\/229\/revisions"}],"predecessor-version":[{"id":1078,"href":"https:\/\/lespiedsdansthau.fr\/index.php\/wp-json\/wp\/v2\/pages\/229\/revisions\/1078"}],"up":[{"embeddable":true,"href":"https:\/\/lespiedsdansthau.fr\/index.php\/wp-json\/wp\/v2\/pages\/13"}],"wp:attachment":[{"href":"https:\/\/lespiedsdansthau.fr\/index.php\/wp-json\/wp\/v2\/media?parent=229"}],"curies":[{"name":"wp","href":"https:\/\/api.w.org\/{rel}","templated":true}]}}