{"id":62,"date":"2016-10-07T00:58:27","date_gmt":"2016-10-06T22:58:27","guid":{"rendered":"http:\/\/sw-themes.com\/porto_dummy\/?page_id=62"},"modified":"2025-09-19T11:11:00","modified_gmt":"2025-09-19T09:11:00","slug":"residence-le-port","status":"publish","type":"page","link":"https:\/\/lespiedsdansthau.fr\/index.php\/nos-hebergements\/residence-le-port\/","title":{"rendered":"R\u00e9sidence Le Port Appartement Hippocampe"},"content":{"rendered":"<div class=\"wpb-content-wrapper\"><p>[vc_row][vc_column width=&#8221;1\/2&#8243;][vc_custom_heading text=&#8221;R\u00e9sidence Le Port&#8221; font_container=&#8221;tag:h3|text_align:left&#8221; use_theme_fonts=&#8221;yes&#8221; text_transform=&#8221;text-uppercase&#8221; el_class=&#8221;m-t-md m-b-none&#8221;][vc_separator color=&#8221;custom&#8221; align=&#8221;align_left&#8221; border_width=&#8221;3&#8243; type=&#8221;small&#8221; gap=&#8221;short&#8221; accent_color=&#8221;#bc9552&#8243;][vc_video link=&#8221;https:\/\/youtu.be\/zuR6yMInTV8&#8243; title=&#8221;Visite virtuelle&#8221;][vc_btn title=&#8221;R\u00e9server d\u00e8s maintenant&#8221; shape=&#8221;rounded&#8221; color=&#8221;chino&#8221; size=&#8221;xl&#8221; align=&#8221;center&#8221; link=&#8221;url:https%3A%2F%2Fles-pieds-dans-thau.amenitiz.io%2Ffr%2Fbooking%2Froom%3Finfo%255Barrival_date%255D%3D%26info%255Bdeparture_date%255D%3D%26info%255Btotal_adult%255D%3D1%26info%255Btotal_children%255D%3D0%26info%255Broom_id%255D%3D%26button%3D||target:%20_blank|&#8221;][vc_column_text el_class=&#8221;lead m-t-md&#8221;]<\/p>\n<div id=\"summary\" data-et-click=\"customGoal:BUeeZaTaTaBEKMPXLae:2 customGoal:BUeeHNSPMWdMOdUBMHT:2 customGoal:BUeeHNSPdQEeWFWZTDWFC:2 customGoal:BUeeHNSPMWdMOdUEXXO:2 customGoal:BUeeHNSPdQEeXXaNSPRXXe:2 customGoal:BUeePHOOSINEGO:2 customGoal:BUeeHNSPVadIaCKe:2 customGoal:BUeeHNSPCaASBaRDSGEXO:2 customGoal:BUeeZdbaBMRbBYWKOBLHXT:2\" data-et-mouseenter=\"customGoal:BUeeZaTaTaBEKMPXLae:1 customGoal:BUeeHNSPMWdMOdUBMHT:1 customGoal:BUeeHNSPdQEeWFWZTDWFC:1 customGoal:BUeeHNSPMWdMOdUEXXO:1 customGoal:BUeeHNSPdQEeXXaNSPRXXe:1 customGoal:BUeePHOOSINEGO:1 customGoal:BUeeHNSPVadIaCKe:1 customGoal:BUeeHNSPCaASBaRDSGEXO:1 customGoal:BUeeZdbaBMRbBYWKOBLHXT:1\">\n<div id=\"property_description_content\">\n<p>Dot\u00e9e d\u2019une terrasse, la Residence Le Port \u2013 Appartement Hippocampe est situ\u00e9e \u00e0 Marseillan. S\u00e8te se trouve \u00e0 24 km.<\/p>\n<p>L\u2019appartement se compose de 2 chambres, d\u2019une kitchenette et d\u2019une salle de bains.<\/p>\n<p>Vous s\u00e9journerez \u00e0 49 km de Montpellier et \u00e0 13 km du Cap d\u2019Agde. L\u2019a\u00e9roport de B\u00e9ziers-Cap d\u2019Agde, le plus proche, est implant\u00e9 \u00e0 18 km.<\/p><\/div>\n<\/div>\n<p class=\"hp-desc-we-speak\">Nous parlons votre langue\u00a0!<\/p>\n<p>[\/vc_column_text][vc_row_inner][vc_column_inner width=&#8221;1\/2&#8243;][vc_column_text]<\/p>\n<ul>\n<li><label>LIT<\/label><\/li>\n<li>NOMBRE DE PERSONNES<\/li>\n<li>TAILLE<\/li>\n<li>VUE<\/li>\n<li>\u00c0 PARTIR DE<\/li>\n<li><\/li>\n<li><span style=\"color: #ff0000;\">-10 % 2 nuits week-end<\/span><\/li>\n<li><span style=\"color: #ff0000;\">-15 % 7 nuits et +<\/span><\/li>\n<li><span style=\"color: #ff0000;\">20% 3 nuits en Mid-Week<\/span><\/li>\n<li>(10\/9 -31\/12)<\/li>\n<li><\/li>\n<\/ul>\n<p>[\/vc_column_text][\/vc_column_inner][vc_column_inner width=&#8221;1\/2&#8243;][vc_column_text]<b>2 lits<br \/>\n4 personnes<br \/>\n75 m\u00e8tres carr\u00e9<br \/>\n\u00c9tang de Thau<br \/>\n116\u20ac<\/b>[\/vc_column_text][\/vc_column_inner][\/vc_row_inner][vc_btn title=&#8221;R\u00e9server d\u00e8s maintenant&#8221; shape=&#8221;rounded&#8221; color=&#8221;chino&#8221; size=&#8221;xl&#8221; align=&#8221;center&#8221; link=&#8221;url:https%3A%2F%2Fles-pieds-dans-thau.amenitiz.io%2Ffr%2Fbooking%2Froom%3Finfo%255Barrival_date%255D%3D%26info%255Bdeparture_date%255D%3D%26info%255Btotal_adult%255D%3D1%26info%255Btotal_children%255D%3D0%26info%255Broom_id%255D%3D%26button%3D||target:%20_blank|&#8221;][\/vc_column][vc_column width=&#8221;1\/2&#8243;][vc_empty_space height=&#8221;15px&#8221;][vc_images_carousel images=&#8221;437,451,445,427,430,472,669,455,461,464,670,618,475,616,615&#8243; img_size=&#8221;300&#215;300&#8243; onclick=&#8221;link_no&#8221; speed=&#8221;3000&#8243; autoplay=&#8221;yes&#8221; wrap=&#8221;yes&#8221;][vc_empty_space height=&#8221;15px&#8221;][vc_single_image image=&#8221;1110&#8243; img_size=&#8221;full&#8221; add_caption=&#8221;yes&#8221; onclick=&#8221;custom_link&#8221; animation_delay=&#8221;2000&#8243; link=&#8221;https:\/\/lespiedsdansthau.fr\/index.php\/accueil-velo\/&#8221; label=&#8221;&#8221; animation_type=&#8221;pulse&#8221;][\/vc_column][\/vc_row][vc_row][vc_column][vc_row_inner][vc_column_inner width=&#8221;7\/12&#8243;][\/vc_column_inner][vc_column_inner width=&#8221;5\/12&#8243;][\/vc_column_inner][\/vc_row_inner][\/vc_column][\/vc_row]<\/p>\n<\/div>","protected":false},"excerpt":{"rendered":"<p>[vc_row][vc_column width=&#8221;1\/2&#8243;][vc_custom_heading text=&#8221;R\u00e9sidence Le Port&#8221; font_container=&#8221;tag:h3|text_align:left&#8221; use_theme_fonts=&#8221;yes&#8221; text_transform=&#8221;text-uppercase&#8221; el_class=&#8221;m-t-md m-b-none&#8221;][vc_separator color=&#8221;custom&#8221; align=&#8221;align_left&#8221; border_width=&#8221;3&#8243; type=&#8221;small&#8221; gap=&#8221;short&#8221; accent_color=&#8221;#bc9552&#8243;][vc_video link=&#8221;https:\/\/youtu.be\/zuR6yMInTV8&#8243; title=&#8221;Visite virtuelle&#8221;][vc_btn title=&#8221;R\u00e9server d\u00e8s maintenant&#8221; shape=&#8221;rounded&#8221; color=&#8221;chino&#8221; size=&#8221;xl&#8221; align=&#8221;center&#8221; link=&#8221;url:https%3A%2F%2Fles-pieds-dans-thau.amenitiz.io%2Ffr%2Fbooking%2Froom%3Finfo%255Barrival_date%255D%3D%26info%255Bdeparture_date%255D%3D%26info%255Btotal_adult%255D%3D1%26info%255Btotal_children%255D%3D0%26info%255Broom_id%255D%3D%26button%3D||target:%20_blank|&#8221;][vc_column_text el_class=&#8221;lead m-t-md&#8221;] Dot\u00e9e d\u2019une terrasse, la Residence Le Port \u2013 Appartement Hippocampe est situ\u00e9e \u00e0 Marseillan. S\u00e8te se trouve \u00e0 24 km. L\u2019appartement se compose de 2 chambres, [&hellip;]<\/p>\n","protected":false},"author":1,"featured_media":0,"parent":13,"menu_order":0,"comment_status":"closed","ping_status":"closed","template":"","meta":{"footnotes":""},"aioseo_notices":[],"_links":{"self":[{"href":"https:\/\/lespiedsdansthau.fr\/index.php\/wp-json\/wp\/v2\/pages\/62"}],"collection":[{"href":"https:\/\/lespiedsdansthau.fr\/index.php\/wp-json\/wp\/v2\/pages"}],"about":[{"href":"https:\/\/lespiedsdansthau.fr\/index.php\/wp-json\/wp\/v2\/types\/page"}],"author":[{"embeddable":true,"href":"https:\/\/lespiedsdansthau.fr\/index.php\/wp-json\/wp\/v2\/users\/1"}],"replies":[{"embeddable":true,"href":"https:\/\/lespiedsdansthau.fr\/index.php\/wp-json\/wp\/v2\/comments?post=62"}],"version-history":[{"count":35,"href":"https:\/\/lespiedsdansthau.fr\/index.php\/wp-json\/wp\/v2\/pages\/62\/revisions"}],"predecessor-version":[{"id":1112,"href":"https:\/\/lespiedsdansthau.fr\/index.php\/wp-json\/wp\/v2\/pages\/62\/revisions\/1112"}],"up":[{"embeddable":true,"href":"https:\/\/lespiedsdansthau.fr\/index.php\/wp-json\/wp\/v2\/pages\/13"}],"wp:attachment":[{"href":"https:\/\/lespiedsdansthau.fr\/index.php\/wp-json\/wp\/v2\/media?parent=62"}],"curies":[{"name":"wp","href":"https:\/\/api.w.org\/{rel}","templated":true}]}}