{"id":928,"date":"2023-01-09T17:19:29","date_gmt":"2023-01-09T16:19:29","guid":{"rendered":"https:\/\/lespiedsdansthau.fr\/?page_id=928"},"modified":"2025-06-24T15:17:41","modified_gmt":"2025-06-24T13:17:41","slug":"la-maison-de-georges","status":"publish","type":"page","link":"https:\/\/lespiedsdansthau.fr\/index.php\/nos-hebergements\/la-maison-de-georges\/","title":{"rendered":"La Maison de Georges"},"content":{"rendered":"<div class=\"wpb-content-wrapper\"><p>[vc_row][vc_column width=&#8221;1\/2&#8243;][vc_custom_heading text=&#8221;La Maison de Georges&#8221; font_container=&#8221;tag:h3|text_align:left&#8221; use_theme_fonts=&#8221;yes&#8221; text_transform=&#8221;text-uppercase&#8221; el_class=&#8221;m-t-md m-b-none&#8221;][vc_separator color=&#8221;custom&#8221; align=&#8221;align_left&#8221; border_width=&#8221;3&#8243; type=&#8221;small&#8221; gap=&#8221;short&#8221; accent_color=&#8221;#bc9552&#8243;][vc_images_carousel images=&#8221;922,910,907,913,905,921,893,916,886,884,877,902,904,897,875,871&#8243; img_size=&#8221;300&#215;300&#8243; onclick=&#8221;link_no&#8221; speed=&#8221;3000&#8243; autoplay=&#8221;yes&#8221; hide_prev_next_buttons=&#8221;yes&#8221; wrap=&#8221;yes&#8221;][vc_btn title=&#8221;R\u00e9server d\u00e8s maintenant&#8221; shape=&#8221;rounded&#8221; color=&#8221;chino&#8221; size=&#8221;xl&#8221; align=&#8221;center&#8221; link=&#8221;url:https%3A%2F%2Fles-pieds-dans-thau.amenitiz.io%2Ffr%2Fbooking%2Froom%3Finfo%255Barrival_date%255D%3D%26info%255Bdeparture_date%255D%3D%26info%255Btotal_adult%255D%3D1%26info%255Btotal_children%255D%3D0%26info%255Broom_id%255D%3D%26button%3D||target:%20_blank|&#8221;][vc_column_text el_class=&#8221;lead m-t-md&#8221;]<\/p>\n<div class=\"c-bh-strip--carousel bui-carousel bui-carousel--small bui-u-bleed@small \" role=\"region\" data-bui-component=\"Carousel\">\n<div class=\"c-bh-strip bui-carousel__inner js-property-highlighted-facilities-strip\" data-et-click=\"customGoal:NAFLeOeJAdeOYSJXIYRCUEBC:2\" data-et-mouseenter=\"customGoal:NAFLeOeJAdeOYSJXIYRCUEBC:1\" data-bui-ref=\"carousel-container\">\n<div class=\"c-bh-strip__item c-bh-strip__facility bui-carousel__item\" data-bui-ref=\"carousel-item\">\n<div class=\"c-bh-strip__label\"><\/div>\n<\/div>\n<\/div>\n<div class=\"c-bh-strip__nav bui-carousel__nav\"><\/div>\n<\/div>\n<div class=\"hotel_description_wrapper_exp hp-description\">\n<div class=\"hp_desc_main_content\">\n<div id=\"summary\" data-et-click=\"customGoal:BUeeZaTaTaBEKMPXLae:2 customGoal:BUeeHNSPMWdMOdUBMHT:2 customGoal:BUeeHNSPdQEeWFWZTDWFC:2 customGoal:BUeeHNSPMWdMOdUEXXO:2 customGoal:BUeeHNSPdQEeXXaNSPRXXe:2 customGoal:BUeePHOOSINEGO:2 customGoal:BUeeHNSPVadIaCKe:2 customGoal:BUeeHNSPCaASBaRDSGEXO:2 customGoal:BUeeZdbaBMRbBYWKOBLHXT:2\" data-et-mouseenter=\"customGoal:BUeeZaTaTaBEKMPXLae:1 customGoal:BUeeHNSPMWdMOdUBMHT:1 customGoal:BUeeHNSPdQEeWFWZTDWFC:1 customGoal:BUeeHNSPMWdMOdUEXXO:1 customGoal:BUeeHNSPdQEeXXaNSPRXXe:1 customGoal:BUeePHOOSINEGO:1 customGoal:BUeeHNSPVadIaCKe:1 customGoal:BUeeHNSPCaASBaRDSGEXO:1 customGoal:BUeeZdbaBMRbBYWKOBLHXT:1\">\n<div id=\"property_description_content\">\n<p>La Maison de Georges\u00a0 propose un h\u00e9bergement avec parking priv\u00e9 sur une propri\u00e9t\u00e9 enti\u00e8rement cl\u00f4tur\u00e9e de 590 m2. Chambres climatis\u00e9es et\u00a0 offre une vue imprenable sur l&#8217;Etang de Thau , elle est situ\u00e9e \u00e0 moins de 50m de l&#8217;Etang . Quartier calme.<\/p>\n<p>Toutes les activit\u00e9s ( Voile , V\u00e9lo , promenade \u00e0 pieds ) sont accessibles depuis la maison , le joli Port de Marseillan est \u00e0 moins de 2000m .<\/p>\n<p>La villa dispose de 3 chambres ( 2 x 1 lit de 1m60x2m et lits superpos\u00e9s), 1 salle de bain , une cuisine \u00e9quip\u00e9e ( Four \/micro onde\/ Machine \u00e0 caf\u00e9\/ Bouilloire\/ Lave vaisselle\/ R\u00e9frig\u00e9rateur avec partie Cong\u00e9lateur ) v\u00e9randa et terrasses am\u00e9nag\u00e9es. WI FI\u00a0 et TV \u00e9cran plat.<\/p>\n<p>Vous s\u00e9journerez \u00e0 11 km du Cap d&#8217;Agde et \u00e0 21 km de S\u00e8te. Enfin, l&#8217;a\u00e9roport de B\u00e9ziers-Cap d&#8217;Agde, le plus proche, est implant\u00e9 \u00e0 22 km de la Maison de Georges<\/p><\/div>\n<\/div>\n<p class=\"hp-desc-we-speak\"><\/div>\n<\/div>\n<p>[\/vc_column_text][vc_row_inner][vc_column_inner width=&#8221;1\/2&#8243;][vc_column_text]<\/p>\n<ul>\n<li><label>LIT<\/label><\/li>\n<li>NOMBRE DE PERSONNES<\/li>\n<li>TAILLE<\/li>\n<li>VUE<\/li>\n<li>\u00c0 PARTIR DE<\/li>\n<\/ul>\n<p>[\/vc_column_text][\/vc_column_inner][vc_column_inner width=&#8221;1\/2&#8243;][vc_column_text]<b>4 lits<br \/>\n6 personnes<br \/>\n85 m\u00e8tres carr\u00e9<br \/>\n\u00c9tang de Thau<br \/>\n695\u20ac \/ semaine<\/b>[\/vc_column_text][\/vc_column_inner][\/vc_row_inner][vc_btn title=&#8221;R\u00e9server d\u00e8s maintenant&#8221; shape=&#8221;rounded&#8221; color=&#8221;chino&#8221; size=&#8221;xl&#8221; align=&#8221;center&#8221; link=&#8221;url:https%3A%2F%2Fles-pieds-dans-thau.amenitiz.io%2Ffr%2Fbooking%2Froom%3Finfo%255Barrival_date%255D%3D%26info%255Bdeparture_date%255D%3D%26info%255Btotal_adult%255D%3D1%26info%255Btotal_children%255D%3D0%26info%255Broom_id%255D%3D%26button%3D||target:%20_blank|&#8221;][\/vc_column][vc_column width=&#8221;1\/2&#8243;][\/vc_column][\/vc_row]<\/p>\n<\/div>","protected":false},"excerpt":{"rendered":"<p>[vc_row][vc_column width=&#8221;1\/2&#8243;][vc_custom_heading text=&#8221;La Maison de Georges&#8221; font_container=&#8221;tag:h3|text_align:left&#8221; use_theme_fonts=&#8221;yes&#8221; text_transform=&#8221;text-uppercase&#8221; el_class=&#8221;m-t-md m-b-none&#8221;][vc_separator color=&#8221;custom&#8221; align=&#8221;align_left&#8221; border_width=&#8221;3&#8243; type=&#8221;small&#8221; gap=&#8221;short&#8221; accent_color=&#8221;#bc9552&#8243;][vc_images_carousel images=&#8221;922,910,907,913,905,921,893,916,886,884,877,902,904,897,875,871&#8243; img_size=&#8221;300&#215;300&#8243; onclick=&#8221;link_no&#8221; speed=&#8221;3000&#8243; autoplay=&#8221;yes&#8221; hide_prev_next_buttons=&#8221;yes&#8221; wrap=&#8221;yes&#8221;][vc_btn title=&#8221;R\u00e9server d\u00e8s maintenant&#8221; shape=&#8221;rounded&#8221; color=&#8221;chino&#8221; size=&#8221;xl&#8221; align=&#8221;center&#8221; link=&#8221;url:https%3A%2F%2Fles-pieds-dans-thau.amenitiz.io%2Ffr%2Fbooking%2Froom%3Finfo%255Barrival_date%255D%3D%26info%255Bdeparture_date%255D%3D%26info%255Btotal_adult%255D%3D1%26info%255Btotal_children%255D%3D0%26info%255Broom_id%255D%3D%26button%3D||target:%20_blank|&#8221;][vc_column_text el_class=&#8221;lead m-t-md&#8221;] La Maison de Georges\u00a0 propose un h\u00e9bergement avec parking priv\u00e9 sur une propri\u00e9t\u00e9 enti\u00e8rement cl\u00f4tur\u00e9e de 590 m2. Chambres climatis\u00e9es et\u00a0 [&hellip;]<\/p>\n","protected":false},"author":1,"featured_media":0,"parent":13,"menu_order":0,"comment_status":"closed","ping_status":"closed","template":"","meta":{"footnotes":""},"aioseo_notices":[],"_links":{"self":[{"href":"https:\/\/lespiedsdansthau.fr\/index.php\/wp-json\/wp\/v2\/pages\/928"}],"collection":[{"href":"https:\/\/lespiedsdansthau.fr\/index.php\/wp-json\/wp\/v2\/pages"}],"about":[{"href":"https:\/\/lespiedsdansthau.fr\/index.php\/wp-json\/wp\/v2\/types\/page"}],"author":[{"embeddable":true,"href":"https:\/\/lespiedsdansthau.fr\/index.php\/wp-json\/wp\/v2\/users\/1"}],"replies":[{"embeddable":true,"href":"https:\/\/lespiedsdansthau.fr\/index.php\/wp-json\/wp\/v2\/comments?post=928"}],"version-history":[{"count":15,"href":"https:\/\/lespiedsdansthau.fr\/index.php\/wp-json\/wp\/v2\/pages\/928\/revisions"}],"predecessor-version":[{"id":1080,"href":"https:\/\/lespiedsdansthau.fr\/index.php\/wp-json\/wp\/v2\/pages\/928\/revisions\/1080"}],"up":[{"embeddable":true,"href":"https:\/\/lespiedsdansthau.fr\/index.php\/wp-json\/wp\/v2\/pages\/13"}],"wp:attachment":[{"href":"https:\/\/lespiedsdansthau.fr\/index.php\/wp-json\/wp\/v2\/media?parent=928"}],"curies":[{"name":"wp","href":"https:\/\/api.w.org\/{rel}","templated":true}]}}